{"id":27,"date":"2026-02-15T12:18:50","date_gmt":"2026-02-15T12:18:50","guid":{"rendered":"https:\/\/odenberg.tech\/portfolio\/"},"modified":"2026-03-16T16:27:34","modified_gmt":"2026-03-16T14:27:34","slug":"portfolio","status":"publish","type":"page","link":"https:\/\/odenberg.tech\/et\/portfolio\/","title":{"rendered":"Portfell"},"content":{"rendered":"<div class=\"wp-block-group alignfull is-style-ext-preset--group--natural-1--section has-tertiary-background-color has-background has-global-padding is-layout-constrained wp-container-core-group-is-layout-759d006a wp-block-group-is-layout-constrained is-style-ext-preset--group--natural-1--section--1\" id=\"gallery\" style=\"margin-top:0;margin-bottom:0;padding-top:var(--wp--preset--spacing--40);padding-bottom:var(--wp--preset--spacing--40)\">\n<div class=\"wp-block-group alignwide is-vertical is-layout-flex wp-container-core-group-is-layout-c35747d5 wp-block-group-is-layout-flex\">\n<div class=\"wp-block-group has-global-padding is-layout-constrained wp-container-core-group-is-layout-5e05634a wp-block-group-is-layout-constrained\">\n<h2 class=\"wp-block-heading\">Innovatiivsed Tarkvaralahendused<\/h2>\n\n\n\n<p class=\"has-text-align-left\">Scroll down to explore our portfolio featuring projects that demonstrate cutting-edge software craftsmanship.<\/p>\n<\/div>\n<\/div>\n\n\n\n<div class=\"wp-block-columns alignwide are-vertically-aligned-top is-layout-flex wp-container-core-columns-is-layout-87beb0d0 wp-block-columns-is-layout-flex\">\n<div class=\"wp-block-column is-vertically-aligned-top is-layout-flow wp-container-core-column-is-layout-f5bb311e wp-block-column-is-layout-flow\">\n<figure class=\"wp-block-image size-large is-style-ext-preset--image--natural-1--image-1--content-top is-style-ext-preset--image--natural-1--image-1--content-top--2\"><img loading=\"lazy\" decoding=\"async\" width=\"874\" height=\"875\" src=\"https:\/\/odenberg.tech\/wp-content\/uploads\/2026\/02\/overview-edited.png\" alt=\"\" class=\"wp-image-119\" style=\"aspect-ratio:1;object-fit:cover\" srcset=\"https:\/\/odenberg.tech\/wp-content\/uploads\/2026\/02\/overview-edited.png 874w, https:\/\/odenberg.tech\/wp-content\/uploads\/2026\/02\/overview-edited-300x300.png 300w, https:\/\/odenberg.tech\/wp-content\/uploads\/2026\/02\/overview-edited-150x150.png 150w, https:\/\/odenberg.tech\/wp-content\/uploads\/2026\/02\/overview-edited-768x769.png 768w, https:\/\/odenberg.tech\/wp-content\/uploads\/2026\/02\/overview-edited-12x12.png 12w\" sizes=\"auto, (max-width: 874px) 100vw, 874px\" \/><\/figure>\n\n\n\n<figure class=\"wp-block-image size-large is-style-ext-preset--image--natural-1--image-1--content-top is-style-ext-preset--image--natural-1--image-1--content-top--3\"><img loading=\"lazy\" decoding=\"async\" width=\"929\" height=\"928\" src=\"https:\/\/odenberg.tech\/wp-content\/uploads\/2026\/02\/node-red-dashboard-comparison-1-edited.png\" alt=\"\" class=\"wp-image-118\" style=\"aspect-ratio:1;object-fit:cover\" srcset=\"https:\/\/odenberg.tech\/wp-content\/uploads\/2026\/02\/node-red-dashboard-comparison-1-edited.png 929w, https:\/\/odenberg.tech\/wp-content\/uploads\/2026\/02\/node-red-dashboard-comparison-1-edited-300x300.png 300w, https:\/\/odenberg.tech\/wp-content\/uploads\/2026\/02\/node-red-dashboard-comparison-1-edited-150x150.png 150w, https:\/\/odenberg.tech\/wp-content\/uploads\/2026\/02\/node-red-dashboard-comparison-1-edited-768x767.png 768w, https:\/\/odenberg.tech\/wp-content\/uploads\/2026\/02\/node-red-dashboard-comparison-1-edited-12x12.png 12w\" sizes=\"auto, (max-width: 929px) 100vw, 929px\" \/><\/figure>\n<\/div>\n\n\n\n<div class=\"wp-block-column is-vertically-aligned-top is-layout-flow wp-container-core-column-is-layout-f5bb311e wp-block-column-is-layout-flow\">\n<figure class=\"wp-block-image size-large is-style-ext-preset--image--natural-1--image-1--content-top is-style-ext-preset--image--natural-1--image-1--content-top--4\"><img loading=\"lazy\" decoding=\"async\" width=\"1024\" height=\"759\" src=\"https:\/\/odenberg.tech\/wp-content\/uploads\/2026\/02\/country_calc_2-1024x759.png\" alt=\"\" class=\"wp-image-75\" style=\"aspect-ratio:1;object-fit:cover\" srcset=\"https:\/\/odenberg.tech\/wp-content\/uploads\/2026\/02\/country_calc_2-1024x759.png 1024w, https:\/\/odenberg.tech\/wp-content\/uploads\/2026\/02\/country_calc_2-300x222.png 300w, https:\/\/odenberg.tech\/wp-content\/uploads\/2026\/02\/country_calc_2-768x569.png 768w, https:\/\/odenberg.tech\/wp-content\/uploads\/2026\/02\/country_calc_2-16x12.png 16w, https:\/\/odenberg.tech\/wp-content\/uploads\/2026\/02\/country_calc_2.png 1140w\" sizes=\"auto, (max-width: 1024px) 100vw, 1024px\" \/><\/figure>\n\n\n\n<figure class=\"wp-block-image size-large is-style-ext-preset--image--natural-1--image-1--content-top is-style-ext-preset--image--natural-1--image-1--content-top--5\"><img loading=\"lazy\" decoding=\"async\" width=\"873\" height=\"873\" src=\"https:\/\/odenberg.tech\/wp-content\/uploads\/2026\/02\/country_calc-edited.png\" alt=\"\" class=\"wp-image-120\" style=\"object-fit:cover\" srcset=\"https:\/\/odenberg.tech\/wp-content\/uploads\/2026\/02\/country_calc-edited.png 873w, https:\/\/odenberg.tech\/wp-content\/uploads\/2026\/02\/country_calc-edited-300x300.png 300w, https:\/\/odenberg.tech\/wp-content\/uploads\/2026\/02\/country_calc-edited-150x150.png 150w, https:\/\/odenberg.tech\/wp-content\/uploads\/2026\/02\/country_calc-edited-768x768.png 768w, https:\/\/odenberg.tech\/wp-content\/uploads\/2026\/02\/country_calc-edited-12x12.png 12w\" sizes=\"auto, (max-width: 873px) 100vw, 873px\" \/><\/figure>\n<\/div>\n\n\n\n<div class=\"wp-block-column is-vertically-aligned-top is-layout-flow wp-container-core-column-is-layout-f5bb311e wp-block-column-is-layout-flow\">\n<figure class=\"wp-block-image size-large\"><img loading=\"lazy\" decoding=\"async\" width=\"1132\" height=\"1132\" src=\"https:\/\/odenberg.tech\/wp-content\/uploads\/2026\/02\/chart3-edited.png\" alt=\"\" class=\"wp-image-123\" srcset=\"https:\/\/odenberg.tech\/wp-content\/uploads\/2026\/02\/chart3-edited.png 1132w, https:\/\/odenberg.tech\/wp-content\/uploads\/2026\/02\/chart3-edited-300x300.png 300w, https:\/\/odenberg.tech\/wp-content\/uploads\/2026\/02\/chart3-edited-1024x1024.png 1024w, https:\/\/odenberg.tech\/wp-content\/uploads\/2026\/02\/chart3-edited-150x150.png 150w, https:\/\/odenberg.tech\/wp-content\/uploads\/2026\/02\/chart3-edited-768x768.png 768w, https:\/\/odenberg.tech\/wp-content\/uploads\/2026\/02\/chart3-edited-12x12.png 12w\" sizes=\"auto, (max-width: 1132px) 100vw, 1132px\" \/><\/figure>\n\n\n\n<figure class=\"wp-block-image size-large is-style-ext-preset--image--natural-1--image-1--content-top is-style-ext-preset--image--natural-1--image-1--content-top--6\"><img loading=\"lazy\" decoding=\"async\" width=\"918\" height=\"918\" src=\"https:\/\/odenberg.tech\/wp-content\/uploads\/2026\/02\/chart2-edited.png\" alt=\"\" class=\"wp-image-121\" style=\"aspect-ratio:1;object-fit:cover\" srcset=\"https:\/\/odenberg.tech\/wp-content\/uploads\/2026\/02\/chart2-edited.png 918w, https:\/\/odenberg.tech\/wp-content\/uploads\/2026\/02\/chart2-edited-300x300.png 300w, https:\/\/odenberg.tech\/wp-content\/uploads\/2026\/02\/chart2-edited-150x150.png 150w, https:\/\/odenberg.tech\/wp-content\/uploads\/2026\/02\/chart2-edited-768x768.png 768w, https:\/\/odenberg.tech\/wp-content\/uploads\/2026\/02\/chart2-edited-12x12.png 12w\" sizes=\"auto, (max-width: 918px) 100vw, 918px\" \/><\/figure>\n<\/div>\n<\/div>\n<\/div>\n\n\n\n<div class=\"wp-block-group alignfull is-style-ext-preset--group--natural-1--section has-background-background-color has-background has-global-padding is-layout-constrained wp-container-core-group-is-layout-300589ff wp-block-group-is-layout-constrained is-style-ext-preset--group--natural-1--section--7\" style=\"margin-top:0;margin-bottom:0;padding-top:var(--wp--preset--spacing--40);padding-bottom:var(--wp--preset--spacing--40)\">\n<div class=\"wp-block-group alignwide is-vertical is-layout-flex wp-container-core-group-is-layout-41e20069 wp-block-group-is-layout-flex\">\n<div class=\"wp-block-group has-global-padding is-layout-constrained wp-container-core-group-is-layout-5e05634a wp-block-group-is-layout-constrained\">\n<h2 class=\"wp-block-heading\">Innovative Projects Showcasing Our Expertise<\/h2>\n\n\n\n<p>Discover detailed accounts of how Odenberg Tech transforms challenges into scalable software solutions.<\/p>\n<\/div>\n<\/div>\n\n\n\n<div class=\"wp-block-media-text alignwide has-media-on-the-right is-stacked-on-mobile is-vertically-aligned-top is-image-fill-element is-style-ext-preset--media-text--natural-1--card-1 is-style-ext-preset--media-text--natural-1--card-1--8\" style=\"grid-template-columns:auto 55%\"><div class=\"wp-block-media-text__content\">\n<div class=\"wp-block-group alignwide is-vertical is-layout-flex wp-container-core-group-is-layout-39b1b608 wp-block-group-is-layout-flex\" style=\"padding-top:var(--wp--preset--spacing--40);padding-bottom:var(--wp--preset--spacing--40)\">\n<div class=\"wp-block-group has-global-padding is-layout-constrained wp-container-core-group-is-layout-812d5580 wp-block-group-is-layout-constrained\" style=\"padding-top:0;padding-right:0;padding-bottom:0;padding-left:0\">\n<h3 class=\"wp-block-heading\">Driving Innovation In Dentistry<\/h3>\n\n\n\n<p>Our tailored software elevated a Dental Implant Specialist&#8217;s everyday workflow, massively boosting doctor performance and client satisfaction.<\/p>\n\n\n\n<p>This system provides dental professionals with a fast, intuitive interface for capturing detailed periodontal data. The system allows for rapid data entry during examinations, while the comprehensive graphs and statistics ensure no clinical detail is overlooked.<\/p>\n\n\n\n<p>This project was commissioned by Justin Darby, Special Periodontist.<\/p>\n<\/div>\n<\/div>\n<\/div><figure class=\"wp-block-media-text__media\"><img loading=\"lazy\" decoding=\"async\" width=\"904\" height=\"565\" src=\"https:\/\/odenberg.tech\/wp-content\/uploads\/2026\/02\/chart.png\" alt=\"\" class=\"wp-image-114 size-full\" style=\"object-position:0% 0%\" srcset=\"https:\/\/odenberg.tech\/wp-content\/uploads\/2026\/02\/chart.png 904w, https:\/\/odenberg.tech\/wp-content\/uploads\/2026\/02\/chart-300x188.png 300w, https:\/\/odenberg.tech\/wp-content\/uploads\/2026\/02\/chart-768x480.png 768w, https:\/\/odenberg.tech\/wp-content\/uploads\/2026\/02\/chart-18x12.png 18w\" sizes=\"auto, (max-width: 904px) 100vw, 904px\" \/><\/figure><\/div>\n\n\n\n<div class=\"wp-block-media-text alignwide is-stacked-on-mobile is-image-fill-element is-style-ext-preset--media-text--natural-1--card-1 is-style-ext-preset--media-text--natural-1--card-1--9\" style=\"margin-top:var(--wp--preset--spacing--40);grid-template-columns:53% auto\"><figure class=\"wp-block-media-text__media\"><img loading=\"lazy\" decoding=\"async\" width=\"1024\" height=\"722\" src=\"https:\/\/odenberg.tech\/wp-content\/uploads\/2026\/02\/frisco_home-1024x722.png\" alt=\"\" class=\"wp-image-115 size-full\" style=\"object-position:11% 22%\" srcset=\"https:\/\/odenberg.tech\/wp-content\/uploads\/2026\/02\/frisco_home-1024x722.png 1024w, https:\/\/odenberg.tech\/wp-content\/uploads\/2026\/02\/frisco_home-300x212.png 300w, https:\/\/odenberg.tech\/wp-content\/uploads\/2026\/02\/frisco_home-768x542.png 768w, https:\/\/odenberg.tech\/wp-content\/uploads\/2026\/02\/frisco_home-18x12.png 18w, https:\/\/odenberg.tech\/wp-content\/uploads\/2026\/02\/frisco_home.png 1202w\" sizes=\"auto, (max-width: 1024px) 100vw, 1024px\" \/><\/figure><div class=\"wp-block-media-text__content\">\n<div class=\"wp-block-group alignwide is-vertical is-layout-flex wp-container-core-group-is-layout-39b1b608 wp-block-group-is-layout-flex\" style=\"padding-top:var(--wp--preset--spacing--40);padding-bottom:var(--wp--preset--spacing--40)\">\n<div class=\"wp-block-group has-global-padding is-layout-constrained wp-container-core-group-is-layout-812d5580 wp-block-group-is-layout-constrained\" style=\"padding-top:0;padding-right:0;padding-bottom:0;padding-left:0\">\n<h3 class=\"wp-block-heading\">Solutions for Content Creation and Search<\/h3>\n\n\n\n<p>The Flexible Retrieval and Indexing System for Content Optimization (FRISCO) web application can be used to query, search, and find important transcript sections of multimedia resources like lecture videos &#8211; great for novices and professional researchers alike.<\/p>\n\n\n\n<p>In addition, users can utilize AI assistants to summarize the content, identify key themes, and suggest specific timestamps for video highlights.<\/p>\n\n\n\n<p>This project was commissioned by the Ayn Rand Institute.<\/p>\n<\/div>\n<\/div>\n<\/div><\/div>\n\n\n\n<div class=\"wp-block-media-text alignwide has-media-on-the-right is-stacked-on-mobile is-vertically-aligned-top is-image-fill-element is-style-ext-preset--media-text--natural-1--card-1 is-style-ext-preset--media-text--natural-1--card-1--10\" style=\"grid-template-columns:auto 61%\"><div class=\"wp-block-media-text__content\">\n<div class=\"wp-block-group alignwide is-vertical is-layout-flex wp-container-core-group-is-layout-39b1b608 wp-block-group-is-layout-flex\" style=\"padding-top:var(--wp--preset--spacing--40);padding-bottom:var(--wp--preset--spacing--40)\">\n<div class=\"wp-block-group has-global-padding is-layout-constrained wp-container-core-group-is-layout-812d5580 wp-block-group-is-layout-constrained\" style=\"padding-top:0;padding-right:0;padding-bottom:0;padding-left:0\">\n<h3 class=\"wp-block-heading\">Complex AI Agents for Every Use Case<\/h3>\n\n\n\n<p>The AI Librarian is an advanced research tool powered by artificial intelligence, specifically designed to provide validated and highly accurate answers about Ayn Rand\u2019s writings.<\/p>\n\n\n\n<p>This tool is built to serve users who seek a reliable source to understand Objectivist philosophy, as every single answer is deeply rooted in a verified corpus of approved texts.<\/p>\n\n\n\n<p>This project was commissioned by the Ayn Rand Institute.<\/p>\n<\/div>\n<\/div>\n<\/div><figure class=\"wp-block-media-text__media\"><img loading=\"lazy\" decoding=\"async\" width=\"1024\" height=\"531\" src=\"https:\/\/odenberg.tech\/wp-content\/uploads\/2026\/03\/n8n-1024x531.png\" alt=\"\" class=\"wp-image-159 size-full\" style=\"object-position:43% 53%\" srcset=\"https:\/\/odenberg.tech\/wp-content\/uploads\/2026\/03\/n8n-1024x531.png 1024w, https:\/\/odenberg.tech\/wp-content\/uploads\/2026\/03\/n8n-300x155.png 300w, https:\/\/odenberg.tech\/wp-content\/uploads\/2026\/03\/n8n-768x398.png 768w, https:\/\/odenberg.tech\/wp-content\/uploads\/2026\/03\/n8n-18x9.png 18w, https:\/\/odenberg.tech\/wp-content\/uploads\/2026\/03\/n8n.png 1154w\" sizes=\"auto, (max-width: 1024px) 100vw, 1024px\" \/><\/figure><\/div>\n<\/div>\n\n\n\n<div class=\"wp-block-group alignfull is-style-ext-preset--group--natural-1--section has-tertiary-background-color has-background has-global-padding is-layout-constrained wp-container-core-group-is-layout-759d006a wp-block-group-is-layout-constrained is-style-ext-preset--group--natural-1--section--11\" style=\"margin-top:0;margin-bottom:0;padding-top:var(--wp--preset--spacing--40);padding-bottom:var(--wp--preset--spacing--40)\">\n<h2 class=\"wp-block-heading alignwide has-text-align-center\">Innovatsiooni ja t\u00f6\u00f6stusliku tipptaseme p\u00e4rand<\/h2>\n\n\n\n<p>Meet the dedicated expert who drives Odenberg Tech\u2019s success.<\/p>\n\n\n\n<div class=\"wp-block-columns alignwide is-layout-flex wp-container-core-columns-is-layout-967d05ff wp-block-columns-is-layout-flex\" style=\"margin-top:var(--wp--preset--spacing--40)\">\n<div class=\"wp-block-column is-vertically-aligned-stretch is-layout-flow wp-container-core-column-is-layout-119bc444 wp-block-column-is-layout-flow\">\n<div class=\"wp-block-group is-style-ext-preset--group--natural-1--item-card-1--align-start is-vertical is-content-justification-stretch is-layout-flex wp-container-core-group-is-layout-353c4f5a wp-block-group-is-layout-flex is-style-ext-preset--group--natural-1--item-card-1--align-start--12\" style=\"min-height:100%\">\n<div class=\"wp-block-columns wp-container-content-9cfa9a5a is-layout-flex wp-container-core-columns-is-layout-28232c24 wp-block-columns-is-layout-flex\">\n<div class=\"wp-block-column is-vertically-aligned-stretch is-layout-flow wp-block-column-is-layout-flow\">\n<div class=\"wp-block-cover\" style=\"padding-top:0;padding-right:0;padding-bottom:0;padding-left:0;min-height:100%;aspect-ratio:unset;\"><img loading=\"lazy\" decoding=\"async\" width=\"1024\" height=\"1007\" class=\"wp-block-cover__image-background wp-image-80 size-large\" alt=\"\" src=\"https:\/\/odenberg.tech\/wp-content\/uploads\/2026\/02\/ARCEU24-1024x1007.jpg\" style=\"object-position:50% 8%\" data-object-fit=\"cover\" data-object-position=\"50% 8%\" srcset=\"https:\/\/odenberg.tech\/wp-content\/uploads\/2026\/02\/ARCEU24-1024x1007.jpg 1024w, https:\/\/odenberg.tech\/wp-content\/uploads\/2026\/02\/ARCEU24-300x295.jpg 300w, https:\/\/odenberg.tech\/wp-content\/uploads\/2026\/02\/ARCEU24-768x755.jpg 768w, https:\/\/odenberg.tech\/wp-content\/uploads\/2026\/02\/ARCEU24-12x12.jpg 12w, https:\/\/odenberg.tech\/wp-content\/uploads\/2026\/02\/ARCEU24.jpg 1226w\" sizes=\"auto, (max-width: 1024px) 100vw, 1024px\" \/><span aria-hidden=\"true\" class=\"wp-block-cover__background has-background-dim-0 has-background-dim\" style=\"background-color:#403032\"><\/span><div class=\"wp-block-cover__inner-container has-global-padding is-layout-constrained wp-container-core-cover-is-layout-c06d165c wp-block-cover-is-layout-constrained\">\n<div style=\"height:160px\" aria-hidden=\"true\" class=\"wp-block-spacer\"><\/div>\n<\/div><\/div>\n<\/div>\n\n\n\n<div class=\"wp-block-column is-vertically-aligned-stretch is-layout-flow wp-block-column-is-layout-flow\">\n<div class=\"wp-block-group is-style-default has-global-padding is-layout-constrained wp-container-core-group-is-layout-1c074333 wp-block-group-is-layout-constrained\" style=\"padding-top:var(--wp--preset--spacing--50);padding-right:var(--wp--preset--spacing--30);padding-bottom:var(--wp--preset--spacing--50);padding-left:var(--wp--preset--spacing--30)\">\n<h1 class=\"wp-block-heading\" style=\"font-size:clamp(14px, 0.875rem + ((1vw - 3.2px) * 0.625), 20px);\">Janar Takis<\/h1>\n\n\n\n<p style=\"margin-top:0;margin-bottom:0;font-size:clamp(14px, 0.875rem + ((1vw - 3.2px) * 0.417), 18px);\">Tarkvaraarendaja<\/p>\n\n\n\n<p style=\"margin-top:var(--wp--preset--spacing--20)\">With 9+ years of programming experience, Janar upholds the heritage of Odenberg.<\/p>\n\n\n\n<p>Tuntud teedrajavate loominguliste tehisintellektil p\u00f5hinevate lahenduste ja t\u00f5husate t\u00f6\u00f6voogude poolest.<\/p>\n\n\n\n<p>Kogemus tipptehnoloogiat kasutavate vastupidavate ja skaleeritavate tausts\u00fcsteemide loomisel.<\/p>\n\n\n\n<p style=\"margin-top:var(--wp--preset--spacing--20)\">Esiotsa disaini ekspert, kelle prioriteetideks on reageerimisv\u00f5ime ja kasutajakogemus.<\/p>\n<\/div>\n\n\n\n<ul class=\"wp-block-social-links aligncenter has-normal-icon-size has-icon-color is-style-logos-only is-content-justification-center is-layout-flex wp-container-core-social-links-is-layout-4ee90c78 wp-block-social-links-is-layout-flex\" style=\"margin-top:24px\"><li style=\"color:#0B0620;\" class=\"wp-social-link wp-social-link-linkedin has-foreground-color wp-block-social-link\"><a href=\"https:\/\/www.linkedin.com\/in\/janar-takis\" class=\"wp-block-social-link-anchor\"><svg width=\"24\" height=\"24\" viewbox=\"0 0 24 24\" version=\"1.1\" xmlns=\"http:\/\/www.w3.org\/2000\/svg\" aria-hidden=\"true\" focusable=\"false\"><path d=\"M19.7,3H4.3C3.582,3,3,3.582,3,4.3v15.4C3,20.418,3.582,21,4.3,21h15.4c0.718,0,1.3-0.582,1.3-1.3V4.3 C21,3.582,20.418,3,19.7,3z M8.339,18.338H5.667v-8.59h2.672V18.338z M7.004,8.574c-0.857,0-1.549-0.694-1.549-1.548 c0-0.855,0.691-1.548,1.549-1.548c0.854,0,1.547,0.694,1.547,1.548C8.551,7.881,7.858,8.574,7.004,8.574z M18.339,18.338h-2.669 v-4.177c0-0.996-0.017-2.278-1.387-2.278c-1.389,0-1.601,1.086-1.601,2.206v4.249h-2.667v-8.59h2.559v1.174h0.037 c0.356-0.675,1.227-1.387,2.526-1.387c2.703,0,3.203,1.779,3.203,4.092V18.338z\"><\/path><\/svg><span class=\"wp-block-social-link-label screen-reader-text\">LinkedIn<\/span><\/a><\/li>\n\n<li style=\"color:#0B0620;\" class=\"wp-social-link wp-social-link-x has-foreground-color wp-block-social-link\"><a href=\"https:\/\/x.com\/MarketGoBrrr\" class=\"wp-block-social-link-anchor\"><svg width=\"24\" height=\"24\" viewbox=\"0 0 24 24\" version=\"1.1\" xmlns=\"http:\/\/www.w3.org\/2000\/svg\" aria-hidden=\"true\" focusable=\"false\"><path d=\"M13.982 10.622 20.54 3h-1.554l-5.693 6.618L8.745 3H3.5l6.876 10.007L3.5 21h1.554l6.012-6.989L15.868 21h5.245l-7.131-10.378Zm-2.128 2.474-.697-.997-5.543-7.93H8l4.474 6.4.697.996 5.815 8.318h-2.387l-4.745-6.787Z\" \/><\/svg><span class=\"wp-block-social-link-label screen-reader-text\">X<\/span><\/a><\/li><\/ul>\n<\/div>\n<\/div>\n<\/div>\n<\/div>\n<\/div>\n<\/div>","protected":false},"excerpt":{"rendered":"<p>Innovative Software Solutions Scroll down to explore our portfolio featuring projects that demonstrate cutting-edge software craftsmanship. Innovative Projects Showcasing Our Expertise Discover detailed accounts of how Odenberg Tech transforms challenges into scalable software solutions. Driving Innovation In Dentistry Our tailored software elevated a Dental Implant Specialist&#8217;s everyday workflow, massively boosting doctor performance and client satisfaction. [&hellip;]<\/p>\n","protected":false},"author":1,"featured_media":0,"parent":0,"menu_order":0,"comment_status":"closed","ping_status":"closed","template":"page-with-title","meta":{"om_disable_all_campaigns":false,"_monsterinsights_skip_tracking":false,"_monsterinsights_sitenote_active":false,"_monsterinsights_sitenote_note":"","_monsterinsights_sitenote_category":0,"footnotes":""},"class_list":["post-27","page","type-page","status-publish","hentry"],"aioseo_notices":[],"_links":{"self":[{"href":"https:\/\/odenberg.tech\/et\/wp-json\/wp\/v2\/pages\/27","targetHints":{"allow":["GET"]}}],"collection":[{"href":"https:\/\/odenberg.tech\/et\/wp-json\/wp\/v2\/pages"}],"about":[{"href":"https:\/\/odenberg.tech\/et\/wp-json\/wp\/v2\/types\/page"}],"author":[{"embeddable":true,"href":"https:\/\/odenberg.tech\/et\/wp-json\/wp\/v2\/users\/1"}],"replies":[{"embeddable":true,"href":"https:\/\/odenberg.tech\/et\/wp-json\/wp\/v2\/comments?post=27"}],"version-history":[{"count":6,"href":"https:\/\/odenberg.tech\/et\/wp-json\/wp\/v2\/pages\/27\/revisions"}],"predecessor-version":[{"id":160,"href":"https:\/\/odenberg.tech\/et\/wp-json\/wp\/v2\/pages\/27\/revisions\/160"}],"wp:attachment":[{"href":"https:\/\/odenberg.tech\/et\/wp-json\/wp\/v2\/media?parent=27"}],"curies":[{"name":"wp","href":"https:\/\/api.w.org\/{rel}","templated":true}]}}