{"id":29,"date":"2026-02-15T12:18:50","date_gmt":"2026-02-15T12:18:50","guid":{"rendered":"https:\/\/odenberg.tech\/about\/"},"modified":"2026-03-16T16:28:16","modified_gmt":"2026-03-16T14:28:16","slug":"about","status":"publish","type":"page","link":"https:\/\/odenberg.tech\/et\/about\/","title":{"rendered":"Meist"},"content":{"rendered":"<div class=\"wp-block-group alignfull is-style-ext-preset--group--natural-1--section has-background-background-color has-background has-global-padding is-layout-constrained wp-container-core-group-is-layout-843e5a6d wp-block-group-is-layout-constrained is-style-ext-preset--group--natural-1--section--1\" id=\"about\" style=\"margin-top:0;margin-bottom:0;padding-top:var(--wp--preset--spacing--70);padding-bottom:var(--wp--preset--spacing--70)\">\n<div class=\"wp-block-group alignwide is-vertical is-content-justification-center is-layout-flex wp-container-core-group-is-layout-c9ee0c5a wp-block-group-is-layout-flex\">\n<div class=\"wp-block-group has-global-padding is-layout-constrained wp-container-core-group-is-layout-2287c683 wp-block-group-is-layout-constrained\">\n<h2 class=\"wp-block-heading has-text-align-center\">Software Development Rooted in Legacy<\/h2>\n\n\n\n<p class=\"has-text-align-center\">Odenberg Tech j\u00e4tkab uhket innovatsioonip\u00e4randit, \u00fchendades tipptasemel tarkvaraalased teadmised sajandivanuse p\u00fchendumusega tipptasemele. <\/p>\n\n\n\n<p class=\"has-text-align-center\"><em>&#8220;My great grandfather, Peter Ludwig Odenberg, was the first businessman of an industrial scale in our family, successfully exporting modern machinery from Germany to Russia in the 1920s.&#8221;<\/em><\/p>\n\n\n\n<p class=\"has-text-align-center\"><em>&#8220;My paternal grandmother, Emma Odenberg\u2014an awarded botanist\u2014often spoke of what a great thinker her father was.&#8221;<\/em><\/p>\n\n\n\n<p class=\"has-text-align-center\"><em>&#8220;It is a privilege for this business to carry their name and honour my forefathers\u2019 legacy while delivering tailored solutions that empower businesses.&#8221;<\/em><\/p>\n\n\n\n<p class=\"has-text-align-right\">Janar Takis<br>Founder and CEO<\/p>\n<\/div>\n<\/div>\n\n\n\n<figure class=\"wp-block-image aligncenter size-large is-resized is-style-ext-preset-image-natural-1-image-1--content-any is-style-ext-preset--image--natural-1--image-1--content-any is-style-ext-preset--image--natural-1--image-1--content-any--2\"><img loading=\"lazy\" decoding=\"async\" width=\"1024\" height=\"682\" src=\"https:\/\/odenberg.tech\/wp-content\/uploads\/2026\/02\/8883bdb57646ff7cff12f3efd11e3a2cdd802a83-1024x682.jpg\" alt=\"\" class=\"wp-image-44\" style=\"aspect-ratio:1.3333333333333333;object-fit:cover;width:476px;height:auto\" srcset=\"https:\/\/odenberg.tech\/wp-content\/uploads\/2026\/02\/8883bdb57646ff7cff12f3efd11e3a2cdd802a83-1024x682.jpg 1024w, https:\/\/odenberg.tech\/wp-content\/uploads\/2026\/02\/8883bdb57646ff7cff12f3efd11e3a2cdd802a83-300x200.jpg 300w, https:\/\/odenberg.tech\/wp-content\/uploads\/2026\/02\/8883bdb57646ff7cff12f3efd11e3a2cdd802a83-768x511.jpg 768w, https:\/\/odenberg.tech\/wp-content\/uploads\/2026\/02\/8883bdb57646ff7cff12f3efd11e3a2cdd802a83-18x12.jpg 18w, https:\/\/odenberg.tech\/wp-content\/uploads\/2026\/02\/8883bdb57646ff7cff12f3efd11e3a2cdd802a83.jpg 1440w\" sizes=\"auto, (max-width: 1024px) 100vw, 1024px\" \/><\/figure>\n<\/div>\n\n\n\n<div class=\"wp-block-group alignfull is-style-ext-preset--group--natural-1--section has-tertiary-background-color has-background has-global-padding is-layout-constrained wp-container-core-group-is-layout-e955bbaf wp-block-group-is-layout-constrained is-style-ext-preset--group--natural-1--section--3\" style=\"margin-top:0;margin-bottom:0;padding-top:var(--wp--preset--spacing--70);padding-bottom:var(--wp--preset--spacing--70)\">\n<div class=\"wp-block-group alignwide is-vertical is-layout-flex wp-container-core-group-is-layout-c35747d5 wp-block-group-is-layout-flex\">\n<div class=\"wp-block-group has-global-padding is-layout-constrained wp-container-core-group-is-layout-5e05634a wp-block-group-is-layout-constrained\">\n<h2 class=\"wp-block-heading\">Innovatiivne Tipptase Igal Sammul<\/h2>\n\n\n\n<p class=\"has-text-align-left\">Avastage olulisi statistilisi andmeid, mis n\u00e4itavad meie asjatundlikkust ja edu projektides.<\/p>\n<\/div>\n<\/div>\n\n\n\n<div class=\"wp-block-columns alignwide is-layout-flex wp-container-core-columns-is-layout-174606dc wp-block-columns-is-layout-flex\">\n<div class=\"wp-block-column is-vertically-aligned-center is-layout-flow wp-block-column-is-layout-flow\">\n<div class=\"wp-block-columns is-layout-flex wp-container-core-columns-is-layout-28f84493 wp-block-columns-is-layout-flex\">\n<div class=\"wp-block-column is-vertically-aligned-stretch is-layout-flow wp-block-column-is-layout-flow\">\n<div class=\"wp-block-group is-style-ext-preset--group--natural-1--item-card-1--align-start has-global-padding is-layout-constrained wp-block-group-is-layout-constrained is-style-ext-preset--group--natural-1--item-card-1--align-start--4\">\n<div class=\"wp-block-group is-style-default has-global-padding is-layout-constrained wp-block-group-is-layout-constrained\">\n<h3 class=\"wp-block-heading has-text-align-right has-primary-color has-text-color has-link-color has-x-large-font-size wp-elements-8cab77fa9356c66525432dd1ba666390\">5<\/h3>\n\n\n\n<h3 class=\"wp-block-heading has-text-align-right\">Projekti<\/h3>\n\n\n\n<p class=\"has-text-align-right\">Tutvustab meie alustalade projekte, mis austavad innovatsiooni ja kasvu.<\/p>\n<\/div>\n<\/div>\n<\/div>\n<\/div>\n\n\n\n<div class=\"wp-block-columns is-layout-flex wp-container-core-columns-is-layout-28f84493 wp-block-columns-is-layout-flex\">\n<div class=\"wp-block-column is-vertically-aligned-stretch is-layout-flow wp-block-column-is-layout-flow\">\n<div class=\"wp-block-group is-style-ext-preset--group--natural-1--item-card-1--align-start has-global-padding is-layout-constrained wp-block-group-is-layout-constrained is-style-ext-preset--group--natural-1--item-card-1--align-start--5\">\n<div class=\"wp-block-group is-style-default has-global-padding is-layout-constrained wp-block-group-is-layout-constrained\">\n<h3 class=\"wp-block-heading has-primary-color has-text-color has-link-color has-x-large-font-size wp-elements-74cc1e4bdd882fb93b7b05cdab0cf06a\">5<\/h3>\n\n\n\n<h3 class=\"wp-block-heading\">Client Success Stories<\/h3>\n\n\n\n<p>Peegeldab tugevaid partnerlussuhteid ja edukaid tulemusi, mida me klientidega saavutame.<\/p>\n<\/div>\n<\/div>\n<\/div>\n<\/div>\n<\/div>\n\n\n\n<div class=\"wp-block-column is-vertically-aligned-stretch is-layout-flow wp-container-core-column-is-layout-119bc444 wp-block-column-is-layout-flow\">\n<div class=\"wp-block-cover is-style-ext-preset--image--natural-1--image-1--content-bottom is-style-ext-preset--image--natural-1--image-1--content-bottom--6\" style=\"padding-top:0;padding-bottom:0;min-height:100%;aspect-ratio:unset;\"><img loading=\"lazy\" decoding=\"async\" width=\"960\" height=\"1440\" class=\"wp-block-cover__image-background wp-image-55\" alt=\"\" src=\"https:\/\/odenberg.tech\/wp-content\/uploads\/2026\/02\/03a91a29726e74e07d90bb9fc8ab8517d7815a39.jpg\" data-object-fit=\"cover\" srcset=\"https:\/\/odenberg.tech\/wp-content\/uploads\/2026\/02\/03a91a29726e74e07d90bb9fc8ab8517d7815a39.jpg 960w, https:\/\/odenberg.tech\/wp-content\/uploads\/2026\/02\/03a91a29726e74e07d90bb9fc8ab8517d7815a39-200x300.jpg 200w, https:\/\/odenberg.tech\/wp-content\/uploads\/2026\/02\/03a91a29726e74e07d90bb9fc8ab8517d7815a39-683x1024.jpg 683w, https:\/\/odenberg.tech\/wp-content\/uploads\/2026\/02\/03a91a29726e74e07d90bb9fc8ab8517d7815a39-768x1152.jpg 768w, https:\/\/odenberg.tech\/wp-content\/uploads\/2026\/02\/03a91a29726e74e07d90bb9fc8ab8517d7815a39-8x12.jpg 8w\" sizes=\"auto, (max-width: 960px) 100vw, 960px\" \/><span aria-hidden=\"true\" class=\"wp-block-cover__background has-background-dim-0 has-background-dim\"><\/span><div class=\"wp-block-cover__inner-container is-layout-flow wp-block-cover-is-layout-flow\">\n<div style=\"height:231px\" aria-hidden=\"true\" class=\"wp-block-spacer\"><\/div>\n<\/div><\/div>\n<\/div>\n<\/div>\n<\/div>\n\n\n\n<div class=\"wp-block-group alignfull is-style-ext-preset--group--natural-1--section has-background-background-color has-background has-global-padding is-layout-constrained wp-container-core-group-is-layout-e955bbaf wp-block-group-is-layout-constrained is-style-ext-preset--group--natural-1--section--7\" id=\"team\" style=\"margin-top:0;margin-bottom:0;padding-top:var(--wp--preset--spacing--70);padding-bottom:var(--wp--preset--spacing--70)\">\n<div class=\"wp-block-group alignwide is-vertical is-layout-flex wp-container-core-group-is-layout-c35747d5 wp-block-group-is-layout-flex\">\n<div class=\"wp-block-group has-global-padding is-layout-constrained wp-container-core-group-is-layout-2287c683 wp-block-group-is-layout-constrained\">\n<h2 class=\"wp-block-heading\">Innovatsiooni ja t\u00f6\u00f6stusliku tipptaseme p\u00e4rand<\/h2>\n\n\n\n<p>Tutvuge p\u00fchendunud eksperdiga, kes on Odenberg Tech'i edu taga.<\/p>\n<\/div>\n<\/div>\n\n\n\n<div class=\"wp-block-columns alignwide is-layout-flex wp-container-core-columns-is-layout-967d05ff wp-block-columns-is-layout-flex\" style=\"margin-top:var(--wp--preset--spacing--40)\">\n<div class=\"wp-block-column is-vertically-aligned-stretch is-layout-flow wp-container-core-column-is-layout-119bc444 wp-block-column-is-layout-flow\">\n<div class=\"wp-block-group is-style-ext-preset--group--natural-1--item-card-1--align-start is-vertical is-content-justification-stretch is-layout-flex wp-container-core-group-is-layout-353c4f5a wp-block-group-is-layout-flex is-style-ext-preset--group--natural-1--item-card-1--align-start--8\" style=\"min-height:100%\">\n<div class=\"wp-block-columns wp-container-content-9cfa9a5a is-layout-flex wp-container-core-columns-is-layout-28232c24 wp-block-columns-is-layout-flex\">\n<div class=\"wp-block-column is-vertically-aligned-stretch is-layout-flow wp-block-column-is-layout-flow\">\n<div class=\"wp-block-cover\" style=\"padding-top:0;padding-right:0;padding-bottom:0;padding-left:0;min-height:100%;aspect-ratio:unset;\"><img loading=\"lazy\" decoding=\"async\" width=\"1024\" height=\"1007\" class=\"wp-block-cover__image-background wp-image-80 size-large\" alt=\"\" src=\"https:\/\/odenberg.tech\/wp-content\/uploads\/2026\/02\/ARCEU24-1024x1007.jpg\" style=\"object-position:55% 5%\" data-object-fit=\"cover\" data-object-position=\"55% 5%\" srcset=\"https:\/\/odenberg.tech\/wp-content\/uploads\/2026\/02\/ARCEU24-1024x1007.jpg 1024w, https:\/\/odenberg.tech\/wp-content\/uploads\/2026\/02\/ARCEU24-300x295.jpg 300w, https:\/\/odenberg.tech\/wp-content\/uploads\/2026\/02\/ARCEU24-768x755.jpg 768w, https:\/\/odenberg.tech\/wp-content\/uploads\/2026\/02\/ARCEU24-12x12.jpg 12w, https:\/\/odenberg.tech\/wp-content\/uploads\/2026\/02\/ARCEU24.jpg 1226w\" sizes=\"auto, (max-width: 1024px) 100vw, 1024px\" \/><span aria-hidden=\"true\" class=\"wp-block-cover__background has-background-dim-0 has-background-dim\" style=\"background-color:#403032\"><\/span><div class=\"wp-block-cover__inner-container has-global-padding is-layout-constrained wp-container-core-cover-is-layout-c06d165c wp-block-cover-is-layout-constrained\">\n<div style=\"height:261px\" aria-hidden=\"true\" class=\"wp-block-spacer\"><\/div>\n<\/div><\/div>\n<\/div>\n\n\n\n<div class=\"wp-block-column is-vertically-aligned-stretch is-layout-flow wp-block-column-is-layout-flow\">\n<div class=\"wp-block-group is-style-default has-global-padding is-layout-constrained wp-container-core-group-is-layout-1c074333 wp-block-group-is-layout-constrained\" style=\"padding-top:var(--wp--preset--spacing--50);padding-right:var(--wp--preset--spacing--30);padding-bottom:var(--wp--preset--spacing--50);padding-left:var(--wp--preset--spacing--30)\">\n<h3 class=\"wp-block-heading\" style=\"font-size:clamp(14px, 0.875rem + ((1vw - 3.2px) * 0.625), 20px);\">Janar Takis<\/h3>\n\n\n\n<p style=\"margin-top:0;margin-bottom:0;font-size:clamp(14px, 0.875rem + ((1vw - 3.2px) * 0.417), 18px);\">Tarkvaraarendaja<\/p>\n\n\n\n<p style=\"margin-top:var(--wp--preset--spacing--20)\">Omades enam kui 9-aastast programmeerimiskogemust, hoiab see ekspert Odenbergi p\u00e4randit alal.<\/p>\n\n\n\n<p>Tuntud teedrajavate loominguliste tehisintellektil p\u00f5hinevate lahenduste ja t\u00f5husate t\u00f6\u00f6voogude poolest.<\/p>\n\n\n\n<p>Kogemus tipptehnoloogiat kasutavate vastupidavate ja skaleeritavate tausts\u00fcsteemide loomisel.<\/p>\n\n\n\n<p style=\"margin-top:var(--wp--preset--spacing--20)\">Esiotsa disaini ekspert, kelle prioriteetideks on reageerimisv\u00f5ime ja kasutajakogemus.<\/p>\n<\/div>\n\n\n\n<ul class=\"wp-block-social-links has-normal-icon-size has-icon-color is-style-logos-only is-content-justification-center is-layout-flex wp-container-core-social-links-is-layout-4ee90c78 wp-block-social-links-is-layout-flex\" style=\"margin-top:24px\"><li style=\"color:#0B0620;\" class=\"wp-social-link wp-social-link-linkedin has-foreground-color wp-block-social-link\"><a href=\"https:\/\/www.linkedin.com\/in\/janar-takis\" class=\"wp-block-social-link-anchor\"><svg width=\"24\" height=\"24\" viewbox=\"0 0 24 24\" version=\"1.1\" xmlns=\"http:\/\/www.w3.org\/2000\/svg\" aria-hidden=\"true\" focusable=\"false\"><path d=\"M19.7,3H4.3C3.582,3,3,3.582,3,4.3v15.4C3,20.418,3.582,21,4.3,21h15.4c0.718,0,1.3-0.582,1.3-1.3V4.3 C21,3.582,20.418,3,19.7,3z M8.339,18.338H5.667v-8.59h2.672V18.338z M7.004,8.574c-0.857,0-1.549-0.694-1.549-1.548 c0-0.855,0.691-1.548,1.549-1.548c0.854,0,1.547,0.694,1.547,1.548C8.551,7.881,7.858,8.574,7.004,8.574z M18.339,18.338h-2.669 v-4.177c0-0.996-0.017-2.278-1.387-2.278c-1.389,0-1.601,1.086-1.601,2.206v4.249h-2.667v-8.59h2.559v1.174h0.037 c0.356-0.675,1.227-1.387,2.526-1.387c2.703,0,3.203,1.779,3.203,4.092V18.338z\"><\/path><\/svg><span class=\"wp-block-social-link-label screen-reader-text\">LinkedIn<\/span><\/a><\/li>\n\n<li style=\"color:#0B0620;\" class=\"wp-social-link wp-social-link-x has-foreground-color wp-block-social-link\"><a href=\"https:\/\/x.com\/MarketGoBrrr\" class=\"wp-block-social-link-anchor\"><svg width=\"24\" height=\"24\" viewbox=\"0 0 24 24\" version=\"1.1\" xmlns=\"http:\/\/www.w3.org\/2000\/svg\" aria-hidden=\"true\" focusable=\"false\"><path d=\"M13.982 10.622 20.54 3h-1.554l-5.693 6.618L8.745 3H3.5l6.876 10.007L3.5 21h1.554l6.012-6.989L15.868 21h5.245l-7.131-10.378Zm-2.128 2.474-.697-.997-5.543-7.93H8l4.474 6.4.697.996 5.815 8.318h-2.387l-4.745-6.787Z\" \/><\/svg><span class=\"wp-block-social-link-label screen-reader-text\">X<\/span><\/a><\/li><\/ul>\n<\/div>\n<\/div>\n<\/div>\n<\/div>\n<\/div>\n<\/div>","protected":false},"excerpt":{"rendered":"<p>Software Development Rooted in Legacy Odenberg Tech continues a proud heritage of innovation, blending cutting-edge software expertise with a century-old commitment to excellence. &#8220;My great grandfather, Peter Ludwig Odenberg, was the first businessman of an industrial scale in our family, successfully exporting modern machinery from Germany to Russia in the 1920s.&#8221; &#8220;My paternal grandmother, Emma [&hellip;]<\/p>\n","protected":false},"author":1,"featured_media":0,"parent":0,"menu_order":0,"comment_status":"closed","ping_status":"closed","template":"page-with-title","meta":{"om_disable_all_campaigns":false,"_monsterinsights_skip_tracking":false,"_monsterinsights_sitenote_active":false,"_monsterinsights_sitenote_note":"","_monsterinsights_sitenote_category":0,"footnotes":""},"class_list":["post-29","page","type-page","status-publish","hentry"],"aioseo_notices":[],"_links":{"self":[{"href":"https:\/\/odenberg.tech\/et\/wp-json\/wp\/v2\/pages\/29","targetHints":{"allow":["GET"]}}],"collection":[{"href":"https:\/\/odenberg.tech\/et\/wp-json\/wp\/v2\/pages"}],"about":[{"href":"https:\/\/odenberg.tech\/et\/wp-json\/wp\/v2\/types\/page"}],"author":[{"embeddable":true,"href":"https:\/\/odenberg.tech\/et\/wp-json\/wp\/v2\/users\/1"}],"replies":[{"embeddable":true,"href":"https:\/\/odenberg.tech\/et\/wp-json\/wp\/v2\/comments?post=29"}],"version-history":[{"count":7,"href":"https:\/\/odenberg.tech\/et\/wp-json\/wp\/v2\/pages\/29\/revisions"}],"predecessor-version":[{"id":161,"href":"https:\/\/odenberg.tech\/et\/wp-json\/wp\/v2\/pages\/29\/revisions\/161"}],"wp:attachment":[{"href":"https:\/\/odenberg.tech\/et\/wp-json\/wp\/v2\/media?parent=29"}],"curies":[{"name":"wp","href":"https:\/\/api.w.org\/{rel}","templated":true}]}}